{"id":2399,"date":"2021-10-15T11:09:09","date_gmt":"2021-10-15T08:09:09","guid":{"rendered":"https:\/\/invetec.eu\/b2b\/?page_id=2399"},"modified":"2022-06-08T10:48:24","modified_gmt":"2022-06-08T07:48:24","slug":"pandora-specialist-it","status":"publish","type":"page","link":"https:\/\/invetec.eu\/b2b\/it\/pandora-specialist-it\/","title":{"rendered":"Pandora Specialist IT"},"content":{"rendered":"<h1 class=\"title is-1\" style=\"text-align:center;padding:5%;font-weight:800;\">Pandora Specialist<\/h1>\n<div class=\"columns\" style=\"margin-top: 5%;\">\n<div class=\"column is-1\"><\/div>\n<div class=\"column\" style=\"text-align: left;display:block;margin:auto;\">\n<h1 class=\"\" style=\"font-weight: bold;\">Installazione semplice degli allarmi Pandora<\/h1>\n<p>Con l&#8217;aiuto di Pandora Spec puoi installare l&#8217;allarme Pandora in pochi passaggi: aggiorneremo il software, sceglieremo la configurazione delle impostazioni di cui hai bisogno e controlleremo il sistema per te.\n<\/p><\/div>\n<div class=\"column\" style=\"text-align: center;\"><img loading=\"lazy\" decoding=\"async\" class=\"alignnone size-medium wp-image-2384\" src=\"https:\/\/invetec.eu\/b2b\/wp-content\/uploads\/MainImage1.167ed039-580x400.png\" alt=\"\" width=\"580\" height=\"400\" srcset=\"https:\/\/invetec.eu\/b2b\/wp-content\/uploads\/MainImage1.167ed039-580x400.png 580w, https:\/\/invetec.eu\/b2b\/wp-content\/uploads\/MainImage1.167ed039-1160x800.png 1160w, https:\/\/invetec.eu\/b2b\/wp-content\/uploads\/MainImage1.167ed039-768x530.png 768w, https:\/\/invetec.eu\/b2b\/wp-content\/uploads\/MainImage1.167ed039.png 1240w\" sizes=\"auto, (max-width: 580px) 100vw, 580px\" \/><\/div>\n<div class=\"column is-1\"><\/div>\n<\/div>\n<hr \/>\n<div class=\"columns\" style=\"margin-top: 5%;\">\n<div class=\"column\" style=\"border-right: 2px solid #777;\">\n<p style=\"height:350px;\">\n<img loading=\"lazy\" decoding=\"async\" class=\"aligncenter size-medium wp-image-2368\" src=\"https:\/\/invetec.eu\/b2b\/wp-content\/uploads\/SiteDesktop.a1af795e-603x400.png\" alt=\"\" width=\"603\" height=\"400\" srcset=\"https:\/\/invetec.eu\/b2b\/wp-content\/uploads\/SiteDesktop.a1af795e-603x400.png 603w, https:\/\/invetec.eu\/b2b\/wp-content\/uploads\/SiteDesktop.a1af795e-768x509.png 768w, https:\/\/invetec.eu\/b2b\/wp-content\/uploads\/SiteDesktop.a1af795e.png 1122w\" sizes=\"auto, (max-width: 603px) 100vw, 603px\" \/>\n<\/p>\n<div style=\"height:250px;\">\n<h1 style=\"text-align: center;\"><strong style=\"text-align: center; margin-top: 5%;\">Specialist per PC<\/strong><\/h1>\n<p style=\"text-align: center;\"><strong>Pandora Spec<\/strong><small><br \/>\nun assistente indispensabile per l&#8217;installazione professionale dei sistemi di allarme Pandora.<\/small><\/p>\n<p style=\"text-align:left;\"><small>Qui puoi:<\/p>\n<ul>\n<li>aggiornare il firmware<\/li>\n<li>addestrare l&#8217;avvio automatico<\/li>\n<li>modificare le impostazioni<\/li>\n<li>verificare la presenza di errori nel sistema<\/li>\n<\/ul>\n<p><\/small><\/div>\n<p><a class=\"button\" style=\"padding: 5%!important; text-align: center!important; min-width: 100%; border-radius: 15px;\" href=\"https:\/\/invetec.eu\/b2b\/wp-content\/uploads\/Pandora_Specialist.zip\">Scarica per PC<\/a><\/p>\n<\/div>\n<div class=\"column\" style=\"border-right: 2px solid #777;\">\n<p style=\"height:350px;\">\n<img decoding=\"async\" class=\"aligncenter size-medium wp-image-2368\" style=\"height: 350px!important;\" src=\"https:\/\/invetec.eu\/b2b\/wp-content\/uploads\/SiteAndroid.eba5d2a5.png\" alt=\"\" \/>\n<\/p>\n<div style=\"height:250px;\">\n<h1 style=\"text-align: center;\"><strong style=\"text-align: center;\">Specialist per Android<\/strong><\/h1>\n<p style=\"text-align: center;\"><small>Questo progetto \u00e8 iniziato come un&#8217;applicazione Android e per ora la versione Android ha pi\u00f9 funzionalit\u00e0 e una vasta gamma di strumenti per l&#8217;installazione degli allarmi, nonch\u00e9 mezzi per ottenere supporto tecnico e di comunicazione con i nostri professionisti.<\/small><\/p>\n<\/div>\n<p><a class=\"button\" style=\"padding: 5%!important; text-align: center!important; min-width: 100%; border-radius: 15px;\" href=\"https:\/\/play.google.com\/store\/apps\/details?id=ru.alarmtrade.pandoraspecialist\">Scarica per Android<\/a><br \/>\n<a class=\"button\" style=\"padding: 5%!important; text-align: center!important; min-width: 100%; border-radius: 15px;\" href=\"https:\/\/appgallery.huawei.com\/#\/app\/C103462811\">Scarica per Huawei<\/a><\/p>\n<\/div>\n<div class=\"column\" style=\"text-align: center;\">\n<p style=\"height:350px;\">\n<img loading=\"lazy\" decoding=\"async\" width=\"322\" height=\"400\" class=\"alignnone size-medium wp-image-2386\" style=\"height: 350px!important;\" src=\"https:\/\/invetec.eu\/b2b\/wp-content\/uploads\/SiteiOS.9278b32a-322x400.png\" alt=\"\" srcset=\"https:\/\/invetec.eu\/b2b\/wp-content\/uploads\/SiteiOS.9278b32a-322x400.png 322w, https:\/\/invetec.eu\/b2b\/wp-content\/uploads\/SiteiOS.9278b32a-644x800.png 644w, https:\/\/invetec.eu\/b2b\/wp-content\/uploads\/SiteiOS.9278b32a-768x954.png 768w, https:\/\/invetec.eu\/b2b\/wp-content\/uploads\/SiteiOS.9278b32a.png 785w\" sizes=\"auto, (max-width: 322px) 100vw, 322px\" \/><\/p>\n<div style=\"height:250px;\">\n<h1 class=\"\"><strong>Scarica per iOS<\/strong><\/h1>\n<p><small>Apri il Mac App Store, acquista gratuitamente e scarica l&#8217;applicazione.<\/small><\/div>\n<p><a class=\"button\" style=\"padding: 5%!important; text-align: center!important; min-width: 100%; border-radius: 15px;\" href=\"https:\/\/apps.apple.com\/us\/app\/pandora-specialist\/id1563735964\" target=\"_blank\" rel=\"noopener\">Scarica per iOS<\/a>\n<\/div>\n<\/div>\n<p><img decoding=\"async\" class=\"aligncenter size-full wp-image-2395\" src=\"https:\/\/invetec.eu\/b2b\/wp-content\/uploads\/Pandora-Specialists-IT.jpg\" alt=\"\" \/><\/p>\n","protected":false},"excerpt":{"rendered":"<p>Pandora Specialist Installazione semplice degli allarmi Pandora Con l&#8217;aiuto di Pandora Spec puoi installare l&#8217;allarme Pandora in pochi passaggi: aggiorneremo il software, sceglieremo la configurazione delle impostazioni di cui hai bisogno e controlleremo il sistema per te. Specialist per PC Pandora Spec un assistente indispensabile per l&#8217;installazione professionale dei sistemi di allarme Pandora. Qui puoi: [&#8230;]\n","protected":false},"author":5,"featured_media":0,"parent":0,"menu_order":0,"comment_status":"closed","ping_status":"closed","template":"","meta":{"_monsterinsights_skip_tracking":false,"_monsterinsights_sitenote_active":false,"_monsterinsights_sitenote_note":"","_monsterinsights_sitenote_category":0,"footnotes":""},"class_list":["post-2399","page","type-page","status-publish","hentry"],"_links":{"self":[{"href":"https:\/\/invetec.eu\/b2b\/wp-json\/wp\/v2\/pages\/2399","targetHints":{"allow":["GET"]}}],"collection":[{"href":"https:\/\/invetec.eu\/b2b\/wp-json\/wp\/v2\/pages"}],"about":[{"href":"https:\/\/invetec.eu\/b2b\/wp-json\/wp\/v2\/types\/page"}],"author":[{"embeddable":true,"href":"https:\/\/invetec.eu\/b2b\/wp-json\/wp\/v2\/users\/5"}],"replies":[{"embeddable":true,"href":"https:\/\/invetec.eu\/b2b\/wp-json\/wp\/v2\/comments?post=2399"}],"version-history":[{"count":11,"href":"https:\/\/invetec.eu\/b2b\/wp-json\/wp\/v2\/pages\/2399\/revisions"}],"predecessor-version":[{"id":4634,"href":"https:\/\/invetec.eu\/b2b\/wp-json\/wp\/v2\/pages\/2399\/revisions\/4634"}],"wp:attachment":[{"href":"https:\/\/invetec.eu\/b2b\/wp-json\/wp\/v2\/media?parent=2399"}],"curies":[{"name":"wp","href":"https:\/\/api.w.org\/{rel}","templated":true}]}}